{"id":7025,"date":"2026-02-27T15:24:14","date_gmt":"2026-02-27T18:24:14","guid":{"rendered":"https:\/\/wayback.com.br\/auxiliar-de-cobranca-2\/"},"modified":"2026-04-16T13:59:41","modified_gmt":"2026-04-16T16:59:41","slug":"auxiliar-de-cobranca-2","status":"publish","type":"page","link":"https:\/\/wayback.com.br\/es\/auxiliar-de-cobranca-2\/","title":{"rendered":"Asistente de facturaci\u00f3n"},"content":{"rendered":"<div data-elementor-type=\"wp-page\" data-elementor-id=\"7025\" class=\"elementor elementor-7025\" data-elementor-settings=\"{&quot;ha_cmc_init_switcher&quot;:&quot;no&quot;}\" data-elementor-post-type=\"page\">\n\t\t\t\t<div class=\"elementor-element elementor-element-47b9a2e5 e-flex e-con-boxed wpr-particle-no wpr-jarallax-no wpr-parallax-no wpr-sticky-section-no e-con e-parent\" data-id=\"47b9a2e5\" data-element_type=\"container\" data-e-type=\"container\" data-settings=\"{&quot;_ha_eqh_enable&quot;:false}\">\n\t\t\t\t\t<div class=\"e-con-inner\">\n\t\t\t\t<div class=\"elementor-element elementor-element-6d730919 elementor-widget elementor-widget-text-editor\" data-id=\"6d730919\" data-element_type=\"widget\" data-e-type=\"widget\" data-widget_type=\"text-editor.default\">\n\t\t\t\t<div class=\"elementor-widget-container\">\n\t\t\t\t\t\t\t\t\t<div class=\"wbf-form\" data-thank-you=\"Obrigado pelo envio. Em breve entraremos em contato.\"><div class=\"wbf-form-logo\"><a href=\"https:\/\/wayback.com.br\/es\/\" class=\"custom-logo-link\" rel=\"home\"><img decoding=\"async\" width=\"277\" height=\"69\" src=\"https:\/\/wayback.com.br\/wp-content\/uploads\/2024\/09\/Logotipo-Way-Back.webp\" class=\"custom-logo\" alt=\"Way Back\" \/><\/a><\/div><form method=\"post\" enctype=\"multipart\/form-data\" action=\"https:\/\/wayback.com.br\/wp-admin\/admin-post.php\" class=\"wbf-form-inner\" data-consent-enabled=\"1\" data-job-id=\"6977\" data-job=\"6977\" data-job-title=\"Auxiliar de Cobran\u00e7a\" data-job-salary=\"Fixo + Comiss\u00f5es\" data-job-benefits=\"VT + VR\" data-job-regime=\"CLT\" data-job-schedule=\"09:00 as 17:32 Segunda a Sexta\" data-job-location=\"Bresser Mooca\" data-job-desc=\"A Way Back, empresa do segmento de cobran\u00e7a com 35 anos \u00e9 uma empresa especializada em recupera\u00e7\u00e3o de cr\u00e9dito e solu\u00e7\u00f5es financeiras, focada em oferecer atendimento humanizado, tecnologia e efici\u00eancia nos processos de negocia\u00e7\u00e3o.Atividades: Atuar com negocia\u00e7\u00f5es de t\u00edtulos em aberto nas modalidades PJ e PF, com contratos de valores e prazos de atrasos variados; Atendimento por voz, e-mail e Whatsapp; Realiza\u00e7\u00e3o de rotinas administrativas; Acompanhamento de baixa de pagamento e envio de boletos.Necess\u00e1rio: Ensino M\u00e9dio completo; experi\u00eancia anterior em cobran\u00e7a; ter boa dic\u00e7\u00e3o e boa escrita; agilidade em digita\u00e7\u00e3o e no\u00e7\u00e3o b\u00e1sica de matem\u00e1tica.\" data-form-flow=\"cascade\" data-privacy-url=\"\"><input type=\"hidden\" id=\"wbf_form_nonce\" name=\"wbf_form_nonce\" value=\"3b337db930\" \/><input type=\"hidden\" name=\"_wp_http_referer\" value=\"\/es\/wp-json\/wp\/v2\/pages\/7025\" \/><input type=\"hidden\" name=\"action\" value=\"wbf_submit_application\"><input type=\"hidden\" name=\"wbf_job_id\" value=\"6977\"><div class=\"wbf-field\"><label for=\"wbf_job_select\">Selecione a vaga<\/label><select id=\"wbf_job_select\" name=\"wbf_job_select\" class=\"wbf-job-select\"><option value=\"7429\" data-config=\"eyJ0aXRsZSI6IlRyYWJhbGhlIENvbm9zY28gLSBXYXkgQmFjayIsImludHJvIjoiQSBXYXkgQmFjayDDqSB1bWEgZW1wcmVzYSBlc3BlY2lhbGl6YWRhIGVtIHJlY3VwZXJhw6fDo28gZGUgdMOtdHVsb3MgdmVuY2lkb3MsIGNvbSBhdHVhw6fDo28gbmFjaW9uYWwgZSBpbnRlcm5hY2lvbmFsLCBzZWRpYWRhIG5hIHJlZ2nDo28gZGEgTW9vY2EgaMOhIDM1IGFub3MuIiwiZmllbGRzIjpbeyJuYW1lIjoiYXJlYSIsImxhYmVsIjoiUGFyYSBxdWFsIMOhcmVhIHZvY8OqIGRlc2VqYSBzZSBjYW5kaWRhdGFyPyIsInR5cGUiOiJzZWxlY3QiLCJyZXF1aXJlZCI6dHJ1ZSwib3B0aW9ucyI6WyJDb2JyYW7Dp2EiLCJRdWFsaWRhZGUiLCJSSC9EUCIsIkZpbmFuY2Vpcm8iLCJDb21lcmNpYWwiLCJBZG1pbmlzdHJhdGl2byIsIlRJIiwiUmVsYWNpb25hbWVudG8gY29tIG8gY2xpZW50ZSIsIkp1csOtZGljbyIsIkVzdHJhdMOpZ2lhIE9wZXJhY2lvbmFsIChNSVMvQ29udHJvbCBEZXNrL1BsYW5lamFtZW50bykiXX0seyJuYW1lIjoiam9iX3N1bW1hcnkiLCJsYWJlbCI6IkRlc2NyacOnw6NvIGRhIHZhZ2EiLCJ0eXBlIjoiam9iX3N1bW1hcnkiLCJyZXF1aXJlZCI6ZmFsc2V9LHsibmFtZSI6ImZ1bGxfbmFtZSIsImxhYmVsIjoiTm9tZSBjb21wbGV0byIsInR5cGUiOiJ0ZXh0IiwicmVxdWlyZWQiOnRydWV9LHsibmFtZSI6ImNwZiIsImxhYmVsIjoiQ1BGIiwidHlwZSI6InRleHQiLCJyZXF1aXJlZCI6dHJ1ZX0seyJuYW1lIjoicmciLCJsYWJlbCI6IlJHIiwidHlwZSI6InRleHQiLCJyZXF1aXJlZCI6dHJ1ZX0seyJuYW1lIjoicmdfZGF0YV9leHBlZGljYW8iLCJsYWJlbCI6IkRhdGEgZGUgZXhwZWRpw6fDo28iLCJ0eXBlIjoiZGF0ZSIsInJlcXVpcmVkIjp0cnVlfSx7Im5hbWUiOiJyZ19vcmdhb19lbWlzc29yIiwibGFiZWwiOiLDk3Jnw6NvIEVtaXNzb3IiLCJ0eXBlIjoidGV4dCIsInJlcXVpcmVkIjp0cnVlfSx7Im5hbWUiOiJtb3RoZXJfbmFtZSIsImxhYmVsIjoiRmlsaWHDp8OjbyAtIE3Do2UiLCJ0eXBlIjoidGV4dCIsInJlcXVpcmVkIjp0cnVlfSx7Im5hbWUiOiJmYXRoZXJfbmFtZSIsImxhYmVsIjoiRmlsaWHDp8OjbyAtIFBhaSIsInR5cGUiOiJ0ZXh0IiwicmVxdWlyZWQiOnRydWV9LHsibmFtZSI6ImJpcnRoZGF0ZSIsImxhYmVsIjoiRGF0YSBkZSBuYXNjaW1lbnRvIiwidHlwZSI6ImRhdGUiLCJyZXF1aXJlZCI6dHJ1ZX0seyJuYW1lIjoicGhvbmUiLCJsYWJlbCI6IlRlbGVmb25lL1doYXRzQXBwIiwidHlwZSI6InRleHQiLCJyZXF1aXJlZCI6dHJ1ZX0seyJuYW1lIjoiZW1haWwiLCJsYWJlbCI6IkVtYWlsIiwidHlwZSI6ImVtYWlsIiwicmVxdWlyZWQiOnRydWV9LHsibmFtZSI6ImJhaXJybyIsImxhYmVsIjoiQmFpcnJvIiwidHlwZSI6InRleHQiLCJyZXF1aXJlZCI6dHJ1ZX0seyJuYW1lIjoiY2lkYWRlIiwibGFiZWwiOiJDaWRhZGUiLCJ0eXBlIjoidGV4dCIsInJlcXVpcmVkIjp0cnVlfSx7Im5hbWUiOiJjZXAiLCJsYWJlbCI6IkNFUCIsInR5cGUiOiJ0ZXh0IiwicmVxdWlyZWQiOnRydWV9LHsibmFtZSI6InpvbmEiLCJsYWJlbCI6IlpPTkEiLCJ0eXBlIjoidGV4dCIsInJlcXVpcmVkIjp0cnVlfSx7Im5hbWUiOiJxdWFudGlkYWRlX2ZpbGhvcyIsImxhYmVsIjoiUXVhbnRpZGFkZSBkZSBGaWxob3MiLCJ0eXBlIjoidGV4dCIsInJlcXVpcmVkIjpmYWxzZX0seyJuYW1lIjoic2tpbGxzIiwibGFiZWwiOiJDb21wZXTDqm5jaWFzIGUgY29uaGVjaW1lbnRvcyIsInR5cGUiOiJjaGVja2JveGVzIiwicmVxdWlyZWQiOnRydWUsIm9wdGlvbnMiOlsiRXhwZXJpw6puY2lhIGVtIGNvYnJhbsOnYSBQZXNzb2EgRsOtc2ljYSIsIkV4cGVyacOqbmNpYSBlbSBjb2JyYW7Dp2EgUGVzc29hIEp1csOtZGljYSIsIkbDoWNpbCBhY2Vzc28gw6AgcmVnacOjbyBkYSBNb29jYSIsIkrDoSBhdHVvdSBlbSBwZXLDrW9kbyBpbnRlZ3JhbCJdfSx7Im5hbWUiOiJleHBlcmllbmNlX3RpbWUiLCJsYWJlbCI6IlRlbXBvIGRlIGV4cGVyacOqbmNpYSBuYSBmdW7Dp8OjbyIsInR5cGUiOiJ0ZXh0IiwicmVxdWlyZWQiOmZhbHNlfSx7Im5hbWUiOiJlZHVjYXRpb25fbGV2ZWwiLCJsYWJlbCI6IkZvcm1hw6fDo28gYWNhZMOqbWljYSIsInR5cGUiOiJzZWxlY3QiLCJyZXF1aXJlZCI6ZmFsc2UsIm9wdGlvbnMiOlsiRW5zaW5vIE3DqWRpbyBDb21wbGV0byIsIlN1cGVyaW9yIEN1cnNhbmRvIiwiU3VwZXJpb3IgQ29tcGxldG8iLCJQw7NzLUdyYWR1YcOnw6NvIEN1cnNhbmRvIiwiUMOzcy1HcmFkdWHDp8OjbyBDb21wbGV0byJdfSx7Im5hbWUiOiJlZHVjYXRpb25fY291cnNlIiwibGFiZWwiOiJJbmZvcm1lIG8gY3Vyc28gZW0gYW5kYW1lbnRvIG91IGNvbmNsdcOtZG8iLCJ0eXBlIjoidGV4dCIsInJlcXVpcmVkIjpmYWxzZX0seyJuYW1lIjoib2ZmaWNlX3dvcmQiLCJsYWJlbCI6IldvcmQiLCJ0eXBlIjoicmFkaW8iLCJyZXF1aXJlZCI6ZmFsc2UsIm9wdGlvbnMiOlsiQsOhc2ljbyIsIkludGVybWVkacOhcmlvIiwiQXZhbsOnYWRvIl19LHsibmFtZSI6Im9mZmljZV9leGNlbCIsImxhYmVsIjoiRXhjZWwiLCJ0eXBlIjoicmFkaW8iLCJyZXF1aXJlZCI6ZmFsc2UsIm9wdGlvbnMiOlsiQsOhc2ljbyIsIkludGVybWVkacOhcmlvIiwiQXZhbsOnYWRvIl19LHsibmFtZSI6Im9mZmljZV9wb3dlcnBvaW50IiwibGFiZWwiOiJQb3dlciBQb2ludCIsInR5cGUiOiJyYWRpbyIsInJlcXVpcmVkIjpmYWxzZSwib3B0aW9ucyI6WyJCw6FzaWNvIiwiSW50ZXJtZWRpw6FyaW8iLCJBdmFuw6dhZG8iXX0seyJuYW1lIjoibGFuZ3VhZ2VfZW5nbGlzaCIsImxhYmVsIjoiSW5nbMOqcyIsInR5cGUiOiJyYWRpbyIsInJlcXVpcmVkIjpmYWxzZSwib3B0aW9ucyI6WyJCw6FzaWNvIiwiSW50ZXJtZWRpw6FyaW8iLCJBdmFuw6dhZG8iXX0seyJuYW1lIjoibGFuZ3VhZ2Vfc3BhbmlzaCIsImxhYmVsIjoiRXNwYW5ob2wiLCJ0eXBlIjoicmFkaW8iLCJyZXF1aXJlZCI6ZmFsc2UsIm9wdGlvbnMiOlsiQsOhc2ljbyIsIkludGVybWVkacOhcmlvIiwiQXZhbsOnYWRvIl19LHsibmFtZSI6Im5vdGVzIiwibGFiZWwiOiJPYnNlcnZhw6fDtWVzIiwidHlwZSI6InRleHRhcmVhIiwicmVxdWlyZWQiOmZhbHNlfV19\" data-job-title=\"Estagi\u00e1rio(a) - Recursos Humanos\" data-job-salary=\"A Combinar\" data-job-benefits=\"VT + VR + Day Off\" data-job-regime=\"Est\u00e1gio\" data-job-schedule=\"09:00 as 16:00 Segunda a Sexta\" data-job-location=\"Bresser Mooca\" data-job-desc=\"A Way Back, empresa do segmento de cobran\u00e7a com 35 anos de atua\u00e7\u00e3o no mercado, est\u00e1 em busca de um(a) estagi\u00e1rio(a) para integrar sua equipe de Recursos Humanos.O(a) candidato(a) ir\u00e1 apoiar nas rotinas de RH, como recrutamento e sele\u00e7\u00e3o, organiza\u00e7\u00e3o de documentos, controle de colaboradores, apoio em treinamentos e a\u00e7\u00f5es internas, al\u00e9m de atividades administrativas da \u00e1rea.Buscamos estudantes de Ensino Superior em Administra\u00e7\u00e3o, Psicologia, Gest\u00e3o de RH ou \u00e1reas correlatas, com boa comunica\u00e7\u00e3o, organiza\u00e7\u00e3o e vontade de aprender.Se voc\u00ea deseja desenvolver sua carreira em um ambiente din\u00e2mico e com s\u00f3lida experi\u00eancia de mercado, essa \u00e9 a sua oportunidade!\" data-form-flow=\"cascade\" data-consent-enabled=\"1\">Estagi\u00e1rio(a) &#8211; Recursos Humanos<\/option><option value=\"6977\" data-config=\"eyJ0aXRsZSI6IkF1eGlsaWFyIGRlIENvYnJhbsOnYSIsImludHJvIjoiQSBXYXkgQmFjaywgZW1wcmVzYSBkbyBzZWdtZW50byBkZSBjb2JyYW7Dp2EgY29tIDM1IGFub3MgZGUgYXR1YcOnw6NvIG5vIG1lcmNhZG8sIGVzdMOhIGVtIGJ1c2NhIGRlIHVtKGEpIGVzdGFnacOhcmlvKGEpIHBhcmEgaW50ZWdyYXIgc3VhIGVxdWlwZSBkZSBSZWN1cnNvcyBIdW1hbm9zLm5PKGEpIGNhbmRpZGF0byhhKSBpcsOhIGFwb2lhciBuYXMgcm90aW5hcyBkZSBSSCwgY29tbyByZWNydXRhbWVudG8gZSBzZWxlw6fDo28sIG9yZ2FuaXphw6fDo28gZGUgZG9jdW1lbnRvcywgY29udHJvbGUgZGUgY29sYWJvcmFkb3JlcywgYXBvaW8gZW0gdHJlaW5hbWVudG9zIGUgYcOnw7VlcyBpbnRlcm5hcywgYWzDqW0gZGUgYXRpdmlkYWRlcyBhZG1pbmlzdHJhdGl2YXMgZGEgw6FyZWEubkJ1c2NhbW9zIGVzdHVkYW50ZXMgZGUgRW5zaW5vIFN1cGVyaW9yIGVtIEFkbWluaXN0cmHDp8OjbywgUHNpY29sb2dpYSwgR2VzdMOjbyBkZSBSSCBvdSDDoXJlYXMgY29ycmVsYXRhcywgY29tIGJvYSBjb211bmljYcOnw6NvLCBvcmdhbml6YcOnw6NvIGUgdm9udGFkZSBkZSBhcHJlbmRlci5uU2Ugdm9jw6ogZGVzZWphIGRlc2Vudm9sdmVyIHN1YSBjYXJyZWlyYSBlbSB1bSBhbWJpZW50ZSBkaW7Dom1pY28gZSBjb20gc8OzbGlkYSBleHBlcmnDqm5jaWEgZGUgbWVyY2FkbywgZXNzYSDDqSBhIHN1YSBvcG9ydHVuaWRhZGUhIiwiZmllbGRzIjpbeyJuYW1lIjoiY29uaGVjaW1lbnRvYWdyb25lZ29jaW8iLCJsYWJlbCI6IlBvc3N1aSBjb25oZWNpbWVudG8gZW0gYWdybyBuZWdvY2lvPyIsInR5cGUiOiJyYWRpbyIsInJlcXVpcmVkIjp0cnVlLCJvcHRpb25zIjpbIlNpbSIsIk7Do28iXX0seyJuYW1lIjoicGVzc29hanVyaWRpY2EiLCJsYWJlbCI6IkrDoSBhdHVvdSBjb20gY29icmFuw6dhIFBlc3NvYSBKdXJpZGljYSIsInR5cGUiOiJjaGVja2JveGVzIiwicmVxdWlyZWQiOnRydWUsIm9wdGlvbnMiOlsiU2ltIiwiTsOjbyIsIlBvdWNhIEV4cGVyaWVuY2lhIl19XX0=\" data-job-title=\"Auxiliar de Cobran\u00e7a\" data-job-salary=\"Fixo + Comiss\u00f5es\" data-job-benefits=\"VT + VR\" data-job-regime=\"CLT\" data-job-schedule=\"09:00 as 17:32 Segunda a Sexta\" data-job-location=\"Bresser Mooca\" data-job-desc=\"A Way Back, empresa do segmento de cobran\u00e7a com 35 anos \u00e9 uma empresa especializada em recupera\u00e7\u00e3o de cr\u00e9dito e solu\u00e7\u00f5es financeiras, focada em oferecer atendimento humanizado, tecnologia e efici\u00eancia nos processos de negocia\u00e7\u00e3o.Atividades: Atuar com negocia\u00e7\u00f5es de t\u00edtulos em aberto nas modalidades PJ e PF, com contratos de valores e prazos de atrasos variados; Atendimento por voz, e-mail e Whatsapp; Realiza\u00e7\u00e3o de rotinas administrativas; Acompanhamento de baixa de pagamento e envio de boletos.Necess\u00e1rio: Ensino M\u00e9dio completo; experi\u00eancia anterior em cobran\u00e7a; ter boa dic\u00e7\u00e3o e boa escrita; agilidade em digita\u00e7\u00e3o e no\u00e7\u00e3o b\u00e1sica de matem\u00e1tica.\" data-form-flow=\"cascade\" data-consent-enabled=\"1\" selected='selected'>Asistente de facturaci\u00f3n<\/option><\/select><\/div><div class=\"wbf-fields\" data-config=\"eyJ0aXRsZSI6IkF1eGlsaWFyIGRlIENvYnJhbsOnYSIsImludHJvIjoiQSBXYXkgQmFjaywgZW1wcmVzYSBkbyBzZWdtZW50byBkZSBjb2JyYW7Dp2EgY29tIDM1IGFub3MgZGUgYXR1YcOnw6NvIG5vIG1lcmNhZG8sIGVzdMOhIGVtIGJ1c2NhIGRlIHVtKGEpIGVzdGFnacOhcmlvKGEpIHBhcmEgaW50ZWdyYXIgc3VhIGVxdWlwZSBkZSBSZWN1cnNvcyBIdW1hbm9zLm5PKGEpIGNhbmRpZGF0byhhKSBpcsOhIGFwb2lhciBuYXMgcm90aW5hcyBkZSBSSCwgY29tbyByZWNydXRhbWVudG8gZSBzZWxlw6fDo28sIG9yZ2FuaXphw6fDo28gZGUgZG9jdW1lbnRvcywgY29udHJvbGUgZGUgY29sYWJvcmFkb3JlcywgYXBvaW8gZW0gdHJlaW5hbWVudG9zIGUgYcOnw7VlcyBpbnRlcm5hcywgYWzDqW0gZGUgYXRpdmlkYWRlcyBhZG1pbmlzdHJhdGl2YXMgZGEgw6FyZWEubkJ1c2NhbW9zIGVzdHVkYW50ZXMgZGUgRW5zaW5vIFN1cGVyaW9yIGVtIEFkbWluaXN0cmHDp8OjbywgUHNpY29sb2dpYSwgR2VzdMOjbyBkZSBSSCBvdSDDoXJlYXMgY29ycmVsYXRhcywgY29tIGJvYSBjb211bmljYcOnw6NvLCBvcmdhbml6YcOnw6NvIGUgdm9udGFkZSBkZSBhcHJlbmRlci5uU2Ugdm9jw6ogZGVzZWphIGRlc2Vudm9sdmVyIHN1YSBjYXJyZWlyYSBlbSB1bSBhbWJpZW50ZSBkaW7Dom1pY28gZSBjb20gc8OzbGlkYSBleHBlcmnDqm5jaWEgZGUgbWVyY2FkbywgZXNzYSDDqSBhIHN1YSBvcG9ydHVuaWRhZGUhIiwiZmllbGRzIjpbeyJuYW1lIjoiY29uaGVjaW1lbnRvYWdyb25lZ29jaW8iLCJsYWJlbCI6IlBvc3N1aSBjb25oZWNpbWVudG8gZW0gYWdybyBuZWdvY2lvPyIsInR5cGUiOiJyYWRpbyIsInJlcXVpcmVkIjp0cnVlLCJvcHRpb25zIjpbIlNpbSIsIk7Do28iXX0seyJuYW1lIjoicGVzc29hanVyaWRpY2EiLCJsYWJlbCI6IkrDoSBhdHVvdSBjb20gY29icmFuw6dhIFBlc3NvYSBKdXJpZGljYSIsInR5cGUiOiJjaGVja2JveGVzIiwicmVxdWlyZWQiOnRydWUsIm9wdGlvbnMiOlsiU2ltIiwiTsOjbyIsIlBvdWNhIEV4cGVyaWVuY2lhIl19XX0=\"><\/div><div class=\"wbf-field\"><button type=\"submit\" class=\"wbf-submit\">Para enviar<\/button><\/div><\/form><\/div>\t\t\t\t\t\t\t\t<\/div>\n\t\t\t\t<\/div>\n\t\t\t\t\t<\/div>\n\t\t\t\t<\/div>\n\t\t\t\t<\/div>","protected":false},"excerpt":{"rendered":"","protected":false},"author":1,"featured_media":0,"parent":0,"menu_order":0,"comment_status":"closed","ping_status":"closed","template":"","meta":{"_joinchat":[],"footnotes":""},"class_list":["post-7025","page","type-page","status-publish","hentry"],"_links":{"self":[{"href":"https:\/\/wayback.com.br\/es\/wp-json\/wp\/v2\/pages\/7025","targetHints":{"allow":["GET"]}}],"collection":[{"href":"https:\/\/wayback.com.br\/es\/wp-json\/wp\/v2\/pages"}],"about":[{"href":"https:\/\/wayback.com.br\/es\/wp-json\/wp\/v2\/types\/page"}],"author":[{"embeddable":true,"href":"https:\/\/wayback.com.br\/es\/wp-json\/wp\/v2\/users\/1"}],"replies":[{"embeddable":true,"href":"https:\/\/wayback.com.br\/es\/wp-json\/wp\/v2\/comments?post=7025"}],"version-history":[{"count":4,"href":"https:\/\/wayback.com.br\/es\/wp-json\/wp\/v2\/pages\/7025\/revisions"}],"predecessor-version":[{"id":7241,"href":"https:\/\/wayback.com.br\/es\/wp-json\/wp\/v2\/pages\/7025\/revisions\/7241"}],"wp:attachment":[{"href":"https:\/\/wayback.com.br\/es\/wp-json\/wp\/v2\/media?parent=7025"}],"curies":[{"name":"wp","href":"https:\/\/api.w.org\/{rel}","templated":true}]}}