{"id":7015,"date":"2026-02-26T17:28:16","date_gmt":"2026-02-26T20:28:16","guid":{"rendered":"https:\/\/wayback.com.br\/?page_id=7015"},"modified":"2026-04-08T16:00:46","modified_gmt":"2026-04-08T19:00:46","slug":"vagas","status":"publish","type":"page","link":"https:\/\/wayback.com.br\/es\/vagas\/","title":{"rendered":"Vagas"},"content":{"rendered":"\t\t<div data-elementor-type=\"wp-page\" data-elementor-id=\"7015\" class=\"elementor elementor-7015\" data-elementor-settings=\"{&quot;ha_cmc_init_switcher&quot;:&quot;no&quot;}\" data-elementor-post-type=\"page\">\n\t\t\t\t<div class=\"elementor-element elementor-element-022d06b e-flex e-con-boxed wpr-particle-no wpr-jarallax-no wpr-parallax-no wpr-sticky-section-no e-con e-parent\" data-id=\"022d06b\" data-element_type=\"container\" data-e-type=\"container\" data-settings=\"{&quot;background_background&quot;:&quot;classic&quot;,&quot;background_motion_fx_motion_fx_scrolling&quot;:&quot;yes&quot;,&quot;background_motion_fx_translateY_effect&quot;:&quot;yes&quot;,&quot;background_motion_fx_translateY_speed&quot;:{&quot;unit&quot;:&quot;px&quot;,&quot;size&quot;:4.7,&quot;sizes&quot;:[]},&quot;background_motion_fx_translateY_affectedRange&quot;:{&quot;unit&quot;:&quot;%&quot;,&quot;size&quot;:&quot;&quot;,&quot;sizes&quot;:{&quot;start&quot;:0,&quot;end&quot;:100}},&quot;background_motion_fx_devices&quot;:[&quot;widescreen&quot;,&quot;desktop&quot;,&quot;laptop&quot;,&quot;tablet&quot;,&quot;mobile&quot;],&quot;_ha_eqh_enable&quot;:false}\">\n\t\t\t\t\t<div class=\"e-con-inner\">\n\t\t<div class=\"elementor-element elementor-element-9aa7782 e-con-full e-flex wpr-particle-no wpr-jarallax-no wpr-parallax-no wpr-sticky-section-no e-con e-child\" data-id=\"9aa7782\" data-element_type=\"container\" data-e-type=\"container\" data-settings=\"{&quot;background_background&quot;:&quot;classic&quot;,&quot;_ha_eqh_enable&quot;:false}\">\n\t\t<div class=\"elementor-element elementor-element-3e6a2c5 e-con-full e-flex wpr-particle-no wpr-jarallax-no wpr-parallax-no wpr-sticky-section-no e-con e-child\" data-id=\"3e6a2c5\" data-element_type=\"container\" data-e-type=\"container\" data-settings=\"{&quot;background_background&quot;:&quot;classic&quot;,&quot;_ha_eqh_enable&quot;:false}\">\n\t\t\t\t<div class=\"elementor-element elementor-element-5fe2f89 elementor-widget elementor-widget-heading\" data-id=\"5fe2f89\" data-element_type=\"widget\" data-e-type=\"widget\" data-widget_type=\"heading.default\">\n\t\t\t\t<div class=\"elementor-widget-container\">\n\t\t\t\t\t<h2 class=\"elementor-heading-title elementor-size-default\">VENHA <b>TRABALHAR CONOSCO!<\/b><\/h2>\t\t\t\t<\/div>\n\t\t\t\t<\/div>\n\t\t\t\t<div class=\"elementor-element elementor-element-eaf09d6 elementor-widget__width-inherit elementor-widget-mobile__width-initial elementor-widget elementor-widget-heading\" data-id=\"eaf09d6\" data-element_type=\"widget\" data-e-type=\"widget\" data-widget_type=\"heading.default\">\n\t\t\t\t<div class=\"elementor-widget-container\">\n\t\t\t\t\t<h4 class=\"elementor-heading-title elementor-size-default\">Na Way Back, acreditamos que <b>grandes hist\u00f3rias s\u00e3o constru\u00eddas por pessoas<\/b>.\nCom presen\u00e7a em mais de <b>170 pa\u00edses<\/b>, atuamos no cen\u00e1rio internacional conectando intelig\u00eancia, relacionamento e resultados, mas acima de tudo, <b>conectando pessoas a oportunidades reais de crescimento.<\/b><\/h4>\t\t\t\t<\/div>\n\t\t\t\t<\/div>\n\t\t\t\t<\/div>\n\t\t\t\t<div class=\"elementor-element elementor-element-4dbef74 ha-has-bg-overlay elementor-widget elementor-widget-image\" data-id=\"4dbef74\" data-element_type=\"widget\" data-e-type=\"widget\" data-widget_type=\"image.default\">\n\t\t\t\t<div class=\"elementor-widget-container\">\n\t\t\t\t\t\t\t\t\t\t\t\t\t\t\t<img fetchpriority=\"high\" decoding=\"async\" width=\"2560\" height=\"784\" src=\"https:\/\/wayback.com.br\/wp-content\/uploads\/2026\/03\/SELO-V5-FINAL-HORIZONTAL-SEM-SIMBOLO-BRANCO-scaled.png\" class=\"attachment-full size-full wp-image-7523\" alt=\"\" srcset=\"https:\/\/wayback.com.br\/wp-content\/uploads\/2026\/03\/SELO-V5-FINAL-HORIZONTAL-SEM-SIMBOLO-BRANCO-scaled.png 2560w, https:\/\/wayback.com.br\/wp-content\/uploads\/2026\/03\/SELO-V5-FINAL-HORIZONTAL-SEM-SIMBOLO-BRANCO-300x92.png 300w, https:\/\/wayback.com.br\/wp-content\/uploads\/2026\/03\/SELO-V5-FINAL-HORIZONTAL-SEM-SIMBOLO-BRANCO-1024x313.png 1024w, https:\/\/wayback.com.br\/wp-content\/uploads\/2026\/03\/SELO-V5-FINAL-HORIZONTAL-SEM-SIMBOLO-BRANCO-768x235.png 768w, https:\/\/wayback.com.br\/wp-content\/uploads\/2026\/03\/SELO-V5-FINAL-HORIZONTAL-SEM-SIMBOLO-BRANCO-1536x470.png 1536w, https:\/\/wayback.com.br\/wp-content\/uploads\/2026\/03\/SELO-V5-FINAL-HORIZONTAL-SEM-SIMBOLO-BRANCO-2048x627.png 2048w, https:\/\/wayback.com.br\/wp-content\/uploads\/2026\/03\/SELO-V5-FINAL-HORIZONTAL-SEM-SIMBOLO-BRANCO-18x6.png 18w\" sizes=\"(max-width: 2560px) 100vw, 2560px\" \/>\t\t\t\t\t\t\t\t\t\t\t\t\t\t\t<\/div>\n\t\t\t\t<\/div>\n\t\t\t\t<\/div>\n\t\t<div class=\"elementor-element elementor-element-c181386 e-con-full elementor-hidden-laptop elementor-hidden-tablet elementor-hidden-mobile e-flex wpr-particle-no wpr-jarallax-no wpr-parallax-no wpr-sticky-section-no e-con e-child\" data-id=\"c181386\" data-element_type=\"container\" data-e-type=\"container\" data-settings=\"{&quot;_ha_eqh_enable&quot;:false}\">\n\t\t\t\t<\/div>\n\t\t\t\t\t<\/div>\n\t\t\t\t<\/div>\n\t\t<div class=\"elementor-element elementor-element-9ac80de e-flex e-con-boxed wpr-particle-no wpr-jarallax-no wpr-parallax-no wpr-sticky-section-no e-con e-parent\" data-id=\"9ac80de\" data-element_type=\"container\" data-e-type=\"container\" data-settings=\"{&quot;_ha_eqh_enable&quot;:false}\">\n\t\t\t\t\t<div class=\"e-con-inner\">\n\t\t\t\t<div class=\"elementor-element elementor-element-43f37da elementor-widget elementor-widget-heading\" data-id=\"43f37da\" data-element_type=\"widget\" data-e-type=\"widget\" data-widget_type=\"heading.default\">\n\t\t\t\t<div class=\"elementor-widget-container\">\n\t\t\t\t\t<h2 class=\"elementor-heading-title elementor-size-default\">Aqui, cada desafio \u00e9 uma chance de evolu\u00e7\u00e3o.<\/h2>\t\t\t\t<\/div>\n\t\t\t\t<\/div>\n\t\t\t\t\t<\/div>\n\t\t\t\t<\/div>\n\t\t<div class=\"elementor-element elementor-element-ec16ea4 e-flex e-con-boxed wpr-particle-no wpr-jarallax-no wpr-parallax-no wpr-sticky-section-no e-con e-parent\" data-id=\"ec16ea4\" data-element_type=\"container\" data-e-type=\"container\" data-settings=\"{&quot;_ha_eqh_enable&quot;:false}\">\n\t\t\t\t\t<div class=\"e-con-inner\">\n\t\t\t\t<div class=\"elementor-element elementor-element-62ff5f8 elementor-widget elementor-widget-text-editor\" data-id=\"62ff5f8\" data-element_type=\"widget\" data-e-type=\"widget\" data-widget_type=\"text-editor.default\">\n\t\t\t\t<div class=\"elementor-widget-container\">\n\t\t\t\t\t\t\t\t\t<p>Cada conquista \u00e9 coletiva e cada profissional \u00e9 parte essencial de uma trajet\u00f3ria de <b>35 anos constru\u00edda com consist\u00eancia, \u00e9tica e prop\u00f3sito<\/b>. Se voc\u00ea busca mais do que um trabalho, se busca pertencimento, desenvolvimento e impacto, <b>o seu lugar \u00e9 aqui.<\/b><\/p>\t\t\t\t\t\t\t\t<\/div>\n\t\t\t\t<\/div>\n\t\t\t\t<div class=\"elementor-element elementor-element-e3c6d91 elementor-widget elementor-widget-text-editor\" data-id=\"e3c6d91\" data-element_type=\"widget\" data-e-type=\"widget\" data-widget_type=\"text-editor.default\">\n\t\t\t\t<div class=\"elementor-widget-container\">\n\t\t\t\t\t\t\t\t\tVenha fazer parte da nossa hist\u00f3ria.<br>\nE construir a sua junto com a gente.<br>\n<strong>#VemSerWayBack #Way35<\/strong>\t\t\t\t\t\t\t\t<\/div>\n\t\t\t\t<\/div>\n\t\t\t\t<div class=\"elementor-element elementor-element-da5e462 elementor-widget elementor-widget-shortcode\" data-id=\"da5e462\" data-element_type=\"widget\" data-e-type=\"widget\" data-widget_type=\"shortcode.default\">\n\t\t\t\t<div class=\"elementor-widget-container\">\n\t\t\t\t\t\t\t<div class=\"elementor-shortcode\">    <div class=\"wbf-jobs\">\r\n\r\n        <form class=\"wbf-jobs-filters\" method=\"get\" action=\"https:\/\/wayback.com.br\/es\/vagas\/\">\r\n            <input type=\"text\" name=\"wbf_search\" placeholder=\"Buscar vaga...\" value=\"\">\r\n\r\n                            <select name=\"wbf_type\">\r\n                    <option value=\"\">Todos os tipos<\/option>\r\n                                            <option value=\"clt\" >\r\n                            CLT                        <\/option>\r\n                                            <option value=\"estagio\" >\r\n                            Estagio                        <\/option>\r\n                                    <\/select>\r\n            \r\n                            <select name=\"wbf_area\">\r\n                    <option value=\"\">Todas as \u00e1reas<\/option>\r\n                                            <option value=\"cobranca\" >\r\n                            Cobranca                        <\/option>\r\n                                            <option value=\"recursos-humanos\" >\r\n                            Recursos Humanos                        <\/option>\r\n                                    <\/select>\r\n            \r\n                            <select name=\"wbf_regime\">\r\n                    <option value=\"\">Todos os regimes<\/option>\r\n                                            <option value=\"CLT\" >\r\n                            CLT                        <\/option>\r\n                                            <option value=\"Est\u00e1gio\" >\r\n                            Est\u00e1gio                        <\/option>\r\n                                    <\/select>\r\n            \r\n            <button type=\"submit\">Filtrar<\/button>\r\n\r\n                    <\/form>\r\n\r\n                    <div class=\"wbf-jobs-grid\">\r\n                                    <div class=\"wbf-job-card\">\r\n                        <h3 class=\"wbf-job-card-title\">Estagi\u00e1rio(a) - Recursos Humanos<\/h3>\r\n\r\n                        <div class=\"wbf-job-card-meta\">\r\n                                                            <span class=\"wbf-job-card-tag wbf-job-card-area\">Recursos Humanos<\/span>\r\n                                                                                        <span class=\"wbf-job-card-tag wbf-job-card-type\">Estagio<\/span>\r\n                                                                                        <span class=\"wbf-job-card-tag wbf-job-card-location\">\ud83d\udccd Bresser Mooca<\/span>\r\n                                                                                        <span class=\"wbf-job-card-tag wbf-job-card-salary\">\ud83d\udcb0 A Combinar<\/span>\r\n                                                        <span class=\"wbf-job-card-tag wbf-job-card-life wbf-job-card-life-open\">Aberta<\/span>\r\n                        <\/div>\r\n\r\n                                                    <p class=\"wbf-job-card-excerpt\">A Way Back, empresa do segmento de cobran\u00e7a com 35 anos de atua\u00e7\u00e3o no mercado, est\u00e1 em busca de um(a)&hellip;<\/p>\r\n                        \r\n                                                    <a href=\"https:\/\/wayback.com.br\/es\/estagiarioa-recursos-humanos\/\" class=\"wbf-job-card-btn\">Ver vaga<\/a>\r\n                                            <\/div>\r\n                                    <div class=\"wbf-job-card\">\r\n                        <h3 class=\"wbf-job-card-title\">Auxiliar de Cobran\u00e7a<\/h3>\r\n\r\n                        <div class=\"wbf-job-card-meta\">\r\n                                                            <span class=\"wbf-job-card-tag wbf-job-card-area\">Cobranca<\/span>\r\n                                                                                        <span class=\"wbf-job-card-tag wbf-job-card-type\">CLT<\/span>\r\n                                                                                        <span class=\"wbf-job-card-tag wbf-job-card-location\">\ud83d\udccd Bresser Mooca<\/span>\r\n                                                                                        <span class=\"wbf-job-card-tag wbf-job-card-salary\">\ud83d\udcb0 Fixo + Comiss\u00f5es<\/span>\r\n                                                        <span class=\"wbf-job-card-tag wbf-job-card-life wbf-job-card-life-open\">Aberta<\/span>\r\n                        <\/div>\r\n\r\n                                                    <p class=\"wbf-job-card-excerpt\">A Way Back, empresa do segmento de cobran\u00e7a com 35 anos \u00e9 uma empresa especializada em recupera\u00e7\u00e3o de cr\u00e9dito e&hellip;<\/p>\r\n                        \r\n                                                    <a href=\"https:\/\/wayback.com.br\/es\/auxiliar-de-cobranca-2\/\" class=\"wbf-job-card-btn\">Ver vaga<\/a>\r\n                                            <\/div>\r\n                            <\/div>\r\n        \r\n    <\/div>\r\n    <\/div>\n\t\t\t\t\t\t<\/div>\n\t\t\t\t<\/div>\n\t\t\t\t\t<\/div>\n\t\t\t\t<\/div>\n\t\t\t\t<\/div>\n\t\t","protected":false},"excerpt":{"rendered":"<p>VENHA TRABALHAR CONOSCO! Na Way Back, acreditamos que grandes hist\u00f3rias s\u00e3o constru\u00eddas por pessoas. Com presen\u00e7a em mais de 170 pa\u00edses, atuamos no cen\u00e1rio internacional conectando intelig\u00eancia, relacionamento e resultados, mas acima de tudo, conectando pessoas a oportunidades reais de crescimento. Aqui, cada desafio \u00e9 uma chance de evolu\u00e7\u00e3o. Cada conquista \u00e9 coletiva e cada profissional \u00e9 parte essencial de uma trajet\u00f3ria de 35 anos constru\u00edda com consist\u00eancia, \u00e9tica e prop\u00f3sito. Se voc\u00ea busca mais do que um trabalho, se busca pertencimento, desenvolvimento e impacto, o seu lugar \u00e9 aqui. Venha fazer parte da nossa hist\u00f3ria. E construir a sua junto com a gente. #VemSerWayBack #Way35<\/p>","protected":false},"author":1,"featured_media":0,"parent":0,"menu_order":0,"comment_status":"closed","ping_status":"closed","template":"","meta":{"_joinchat":[],"footnotes":""},"class_list":["post-7015","page","type-page","status-publish","hentry"],"_links":{"self":[{"href":"https:\/\/wayback.com.br\/es\/wp-json\/wp\/v2\/pages\/7015","targetHints":{"allow":["GET"]}}],"collection":[{"href":"https:\/\/wayback.com.br\/es\/wp-json\/wp\/v2\/pages"}],"about":[{"href":"https:\/\/wayback.com.br\/es\/wp-json\/wp\/v2\/types\/page"}],"author":[{"embeddable":true,"href":"https:\/\/wayback.com.br\/es\/wp-json\/wp\/v2\/users\/1"}],"replies":[{"embeddable":true,"href":"https:\/\/wayback.com.br\/es\/wp-json\/wp\/v2\/comments?post=7015"}],"version-history":[{"count":79,"href":"https:\/\/wayback.com.br\/es\/wp-json\/wp\/v2\/pages\/7015\/revisions"}],"predecessor-version":[{"id":7633,"href":"https:\/\/wayback.com.br\/es\/wp-json\/wp\/v2\/pages\/7015\/revisions\/7633"}],"wp:attachment":[{"href":"https:\/\/wayback.com.br\/es\/wp-json\/wp\/v2\/media?parent=7015"}],"curies":[{"name":"wp","href":"https:\/\/api.w.org\/{rel}","templated":true}]}}