{"id":7430,"date":"2026-03-25T15:36:57","date_gmt":"2026-03-25T18:36:57","guid":{"rendered":"https:\/\/wayback.com.br\/estagiarioa-recursos-humanos\/"},"modified":"2026-04-16T13:56:27","modified_gmt":"2026-04-16T16:56:27","slug":"estagiarioa-recursos-humanos","status":"publish","type":"page","link":"https:\/\/wayback.com.br\/en\/estagiarioa-recursos-humanos\/","title":{"rendered":"Human Resources Intern"},"content":{"rendered":"<div class=\"wbf-auto-page-wrap\"><div class=\"wbf-form\" data-thank-you=\"Obrigado pelo envio. Em breve entraremos em contato.\"><div class=\"wbf-form-logo\"><a href=\"https:\/\/wayback.com.br\/en\/\" class=\"custom-logo-link\" rel=\"home\"><img decoding=\"async\" width=\"277\" height=\"69\" src=\"https:\/\/wayback.com.br\/wp-content\/uploads\/2024\/09\/Logotipo-Way-Back.webp\" class=\"custom-logo\" alt=\"Way Back\" \/><\/a><\/div><form method=\"post\" enctype=\"multipart\/form-data\" action=\"https:\/\/wayback.com.br\/wp-admin\/admin-post.php\" class=\"wbf-form-inner\" data-consent-enabled=\"1\" data-job-id=\"7429\" data-job=\"7429\" data-job-title=\"Estagi\u00e1rio(a) - Recursos Humanos\" data-job-salary=\"A Combinar\" data-job-benefits=\"VT + VR + Day Off\" data-job-regime=\"Est\u00e1gio\" data-job-schedule=\"09:00 as 16:00 Segunda a Sexta\" data-job-location=\"Bresser Mooca\" data-job-desc=\"A Way Back, empresa do segmento de cobran\u00e7a com 35 anos de atua\u00e7\u00e3o no mercado, est\u00e1 em busca de um(a) estagi\u00e1rio(a) para integrar sua equipe de Recursos Humanos.O(a) candidato(a) ir\u00e1 apoiar nas rotinas de RH, como recrutamento e sele\u00e7\u00e3o, organiza\u00e7\u00e3o de documentos, controle de colaboradores, apoio em treinamentos e a\u00e7\u00f5es internas, al\u00e9m de atividades administrativas da \u00e1rea.Buscamos estudantes de Ensino Superior em Administra\u00e7\u00e3o, Psicologia, Gest\u00e3o de RH ou \u00e1reas correlatas, com boa comunica\u00e7\u00e3o, organiza\u00e7\u00e3o e vontade de aprender.Se voc\u00ea deseja desenvolver sua carreira em um ambiente din\u00e2mico e com s\u00f3lida experi\u00eancia de mercado, essa \u00e9 a sua oportunidade!\" data-job-desc-b64=\"QSBXYXkgQmFjaywgZW1wcmVzYSBkbyBzZWdtZW50byBkZSBjb2JyYW7Dp2EgY29tIDM1IGFub3MgZGUgYXR1YcOnw6NvIG5vIG1lcmNhZG8sIGVzdMOhIGVtIGJ1c2NhIGRlIHVtKGEpIGVzdGFnacOhcmlvKGEpIHBhcmEgaW50ZWdyYXIgc3VhIGVxdWlwZSBkZSBSZWN1cnNvcyBIdW1hbm9zLg0KTyhhKSBjYW5kaWRhdG8oYSkgaXLDoSBhcG9pYXIgbmFzIHJvdGluYXMgZGUgUkgsIGNvbW8gcmVjcnV0YW1lbnRvIGUgc2VsZcOnw6NvLCBvcmdhbml6YcOnw6NvIGRlIGRvY3VtZW50b3MsIGNvbnRyb2xlIGRlIGNvbGFib3JhZG9yZXMsIGFwb2lvIGVtIHRyZWluYW1lbnRvcyBlIGHDp8O1ZXMgaW50ZXJuYXMsIGFsw6ltIGRlIGF0aXZpZGFkZXMgYWRtaW5pc3RyYXRpdmFzIGRhIMOhcmVhLg0KQnVzY2Ftb3MgZXN0dWRhbnRlcyBkZSBFbnNpbm8gU3VwZXJpb3IgZW0gQWRtaW5pc3RyYcOnw6NvLCBQc2ljb2xvZ2lhLCBHZXN0w6NvIGRlIFJIIG91IMOhcmVhcyBjb3JyZWxhdGFzLCBjb20gYm9hIGNvbXVuaWNhw6fDo28sIG9yZ2FuaXphw6fDo28gZSB2b250YWRlIGRlIGFwcmVuZGVyLg0KU2Ugdm9jw6ogZGVzZWphIGRlc2Vudm9sdmVyIHN1YSBjYXJyZWlyYSBlbSB1bSBhbWJpZW50ZSBkaW7Dom1pY28gZSBjb20gc8OzbGlkYSBleHBlcmnDqm5jaWEgZGUgbWVyY2FkbywgZXNzYSDDqSBhIHN1YSBvcG9ydHVuaWRhZGUh\" data-form-flow=\"cascade\" data-privacy-url=\"\"><input type=\"hidden\" id=\"wbf_form_nonce\" name=\"wbf_form_nonce\" value=\"70ac9cdbcb\" \/><input type=\"hidden\" name=\"_wp_http_referer\" value=\"\/en\/wp-json\/wp\/v2\/pages\/7430\" \/><input type=\"hidden\" name=\"action\" value=\"wbf_submit_application\"><input type=\"hidden\" name=\"wbf_job_id\" value=\"7429\"><div class=\"wbf-fields\" data-config=\"eyJ0aXRsZSI6IlRyYWJhbGhlIENvbm9zY28gLSBXYXkgQmFjayIsImludHJvIjoiQSBXYXkgQmFjayDDqSB1bWEgZW1wcmVzYSBlc3BlY2lhbGl6YWRhIGVtIHJlY3VwZXJhw6fDo28gZGUgdMOtdHVsb3MgdmVuY2lkb3MsIGNvbSBhdHVhw6fDo28gbmFjaW9uYWwgZSBpbnRlcm5hY2lvbmFsLCBzZWRpYWRhIG5hIHJlZ2nDo28gZGEgTW9vY2EgaMOhIDM1IGFub3MuIiwiZmllbGRzIjpbeyJuYW1lIjoiam9iX3N1bW1hcnkiLCJsYWJlbCI6IkRlc2NyacOnw6NvIGRhIHZhZ2EiLCJ0eXBlIjoiam9iX3N1bW1hcnkiLCJyZXF1aXJlZCI6ZmFsc2V9LHsibmFtZSI6ImZ1bGxfbmFtZSIsImxhYmVsIjoiTm9tZSBjb21wbGV0byIsInR5cGUiOiJ0ZXh0IiwicmVxdWlyZWQiOnRydWV9LHsibmFtZSI6ImNwZiIsImxhYmVsIjoiQ1BGIiwidHlwZSI6InRleHQiLCJyZXF1aXJlZCI6dHJ1ZX0seyJuYW1lIjoicmciLCJsYWJlbCI6IlJHIiwidHlwZSI6InRleHQiLCJyZXF1aXJlZCI6dHJ1ZX0seyJuYW1lIjoicmdfZGF0YV9leHBlZGljYW8iLCJsYWJlbCI6IkRhdGEgZGUgZXhwZWRpw6fDo28iLCJ0eXBlIjoiZGF0ZSIsInJlcXVpcmVkIjp0cnVlfSx7Im5hbWUiOiJyZ19vcmdhb19lbWlzc29yIiwibGFiZWwiOiLDk3Jnw6NvIEVtaXNzb3IiLCJ0eXBlIjoidGV4dCIsInJlcXVpcmVkIjp0cnVlfSx7Im5hbWUiOiJtb3RoZXJfbmFtZSIsImxhYmVsIjoiRmlsaWHDp8OjbyAtIE3Do2UiLCJ0eXBlIjoidGV4dCIsInJlcXVpcmVkIjp0cnVlfSx7Im5hbWUiOiJmYXRoZXJfbmFtZSIsImxhYmVsIjoiRmlsaWHDp8OjbyAtIFBhaSIsInR5cGUiOiJ0ZXh0IiwicmVxdWlyZWQiOnRydWV9LHsibmFtZSI6ImJpcnRoZGF0ZSIsImxhYmVsIjoiRGF0YSBkZSBuYXNjaW1lbnRvIiwidHlwZSI6ImRhdGUiLCJyZXF1aXJlZCI6dHJ1ZX0seyJuYW1lIjoicGhvbmUiLCJsYWJlbCI6IlRlbGVmb25lL1doYXRzQXBwIiwidHlwZSI6InRleHQiLCJyZXF1aXJlZCI6dHJ1ZX0seyJuYW1lIjoiZW1haWwiLCJsYWJlbCI6IkVtYWlsIiwidHlwZSI6ImVtYWlsIiwicmVxdWlyZWQiOnRydWV9LHsibmFtZSI6ImJhaXJybyIsImxhYmVsIjoiQmFpcnJvIiwidHlwZSI6InRleHQiLCJyZXF1aXJlZCI6dHJ1ZX0seyJuYW1lIjoiY2lkYWRlIiwibGFiZWwiOiJDaWRhZGUiLCJ0eXBlIjoidGV4dCIsInJlcXVpcmVkIjp0cnVlfSx7Im5hbWUiOiJjZXAiLCJsYWJlbCI6IkNFUCIsInR5cGUiOiJ0ZXh0IiwicmVxdWlyZWQiOnRydWV9LHsibmFtZSI6InpvbmEiLCJsYWJlbCI6IlpPTkEiLCJ0eXBlIjoidGV4dCIsInJlcXVpcmVkIjp0cnVlfSx7Im5hbWUiOiJxdWFudGlkYWRlX2ZpbGhvcyIsImxhYmVsIjoiUXVhbnRpZGFkZSBkZSBGaWxob3MiLCJ0eXBlIjoidGV4dCIsInJlcXVpcmVkIjpmYWxzZX0seyJuYW1lIjoic2tpbGxzIiwibGFiZWwiOiJDb21wZXTDqm5jaWFzIGUgY29uaGVjaW1lbnRvcyIsInR5cGUiOiJjaGVja2JveGVzIiwicmVxdWlyZWQiOnRydWUsIm9wdGlvbnMiOlsiRXhwZXJpw6puY2lhIGVtIGNvYnJhbsOnYSBQZXNzb2EgRsOtc2ljYSIsIkV4cGVyacOqbmNpYSBlbSBjb2JyYW7Dp2EgUGVzc29hIEp1csOtZGljYSIsIkbDoWNpbCBhY2Vzc28gw6AgcmVnacOjbyBkYSBNb29jYSIsIkrDoSBhdHVvdSBlbSBwZXLDrW9kbyBpbnRlZ3JhbCJdfSx7Im5hbWUiOiJleHBlcmllbmNlX3RpbWUiLCJsYWJlbCI6IlRlbXBvIGRlIGV4cGVyacOqbmNpYSBuYSBmdW7Dp8OjbyIsInR5cGUiOiJ0ZXh0IiwicmVxdWlyZWQiOmZhbHNlfSx7Im5hbWUiOiJlZHVjYXRpb25fbGV2ZWwiLCJsYWJlbCI6IkZvcm1hw6fDo28gYWNhZMOqbWljYSIsInR5cGUiOiJzZWxlY3QiLCJyZXF1aXJlZCI6ZmFsc2UsIm9wdGlvbnMiOlsiRW5zaW5vIE3DqWRpbyBDb21wbGV0byIsIlN1cGVyaW9yIEN1cnNhbmRvIiwiU3VwZXJpb3IgQ29tcGxldG8iLCJQw7NzLUdyYWR1YcOnw6NvIEN1cnNhbmRvIiwiUMOzcy1HcmFkdWHDp8OjbyBDb21wbGV0byJdfSx7Im5hbWUiOiJlZHVjYXRpb25fY291cnNlIiwibGFiZWwiOiJJbmZvcm1lIG8gY3Vyc28gZW0gYW5kYW1lbnRvIG91IGNvbmNsdcOtZG8iLCJ0eXBlIjoidGV4dCIsInJlcXVpcmVkIjpmYWxzZX0seyJuYW1lIjoib2ZmaWNlX3dvcmQiLCJsYWJlbCI6IldvcmQiLCJ0eXBlIjoicmFkaW8iLCJyZXF1aXJlZCI6ZmFsc2UsIm9wdGlvbnMiOlsiQsOhc2ljbyIsIkludGVybWVkacOhcmlvIiwiQXZhbsOnYWRvIl19LHsibmFtZSI6Im9mZmljZV9leGNlbCIsImxhYmVsIjoiRXhjZWwiLCJ0eXBlIjoicmFkaW8iLCJyZXF1aXJlZCI6ZmFsc2UsIm9wdGlvbnMiOlsiQsOhc2ljbyIsIkludGVybWVkacOhcmlvIiwiQXZhbsOnYWRvIl19LHsibmFtZSI6Im9mZmljZV9wb3dlcnBvaW50IiwibGFiZWwiOiJQb3dlciBQb2ludCIsInR5cGUiOiJyYWRpbyIsInJlcXVpcmVkIjpmYWxzZSwib3B0aW9ucyI6WyJCw6FzaWNvIiwiSW50ZXJtZWRpw6FyaW8iLCJBdmFuw6dhZG8iXX0seyJuYW1lIjoibGFuZ3VhZ2VfZW5nbGlzaCIsImxhYmVsIjoiSW5nbMOqcyIsInR5cGUiOiJyYWRpbyIsInJlcXVpcmVkIjpmYWxzZSwib3B0aW9ucyI6WyJCw6FzaWNvIiwiSW50ZXJtZWRpw6FyaW8iLCJBdmFuw6dhZG8iXX0seyJuYW1lIjoibGFuZ3VhZ2Vfc3BhbmlzaCIsImxhYmVsIjoiRXNwYW5ob2wiLCJ0eXBlIjoicmFkaW8iLCJyZXF1aXJlZCI6ZmFsc2UsIm9wdGlvbnMiOlsiQsOhc2ljbyIsIkludGVybWVkacOhcmlvIiwiQXZhbsOnYWRvIl19LHsibmFtZSI6Im5vdGVzIiwibGFiZWwiOiJPYnNlcnZhw6fDtWVzIiwidHlwZSI6InRleHRhcmVhIiwicmVxdWlyZWQiOmZhbHNlfV19\"><\/div><div class=\"wbf-field\"><button type=\"submit\" class=\"wbf-submit\">To send<\/button><\/div><\/form><\/div><\/div>","protected":false},"excerpt":{"rendered":"","protected":false},"author":5,"featured_media":0,"parent":0,"menu_order":0,"comment_status":"closed","ping_status":"closed","template":"","meta":{"_joinchat":[],"footnotes":""},"class_list":["post-7430","page","type-page","status-publish","hentry"],"_links":{"self":[{"href":"https:\/\/wayback.com.br\/en\/wp-json\/wp\/v2\/pages\/7430","targetHints":{"allow":["GET"]}}],"collection":[{"href":"https:\/\/wayback.com.br\/en\/wp-json\/wp\/v2\/pages"}],"about":[{"href":"https:\/\/wayback.com.br\/en\/wp-json\/wp\/v2\/types\/page"}],"author":[{"embeddable":true,"href":"https:\/\/wayback.com.br\/en\/wp-json\/wp\/v2\/users\/5"}],"replies":[{"embeddable":true,"href":"https:\/\/wayback.com.br\/en\/wp-json\/wp\/v2\/comments?post=7430"}],"version-history":[{"count":1,"href":"https:\/\/wayback.com.br\/en\/wp-json\/wp\/v2\/pages\/7430\/revisions"}],"predecessor-version":[{"id":7432,"href":"https:\/\/wayback.com.br\/en\/wp-json\/wp\/v2\/pages\/7430\/revisions\/7432"}],"wp:attachment":[{"href":"https:\/\/wayback.com.br\/en\/wp-json\/wp\/v2\/media?parent=7430"}],"curies":[{"name":"wp","href":"https:\/\/api.w.org\/{rel}","templated":true}]}}