{"id":7025,"date":"2026-02-27T15:24:14","date_gmt":"2026-02-27T18:24:14","guid":{"rendered":"https:\/\/wayback.com.br\/auxiliar-de-cobranca-2\/"},"modified":"2026-05-07T10:41:04","modified_gmt":"2026-05-07T13:41:04","slug":"auxiliar-de-cobranca-2","status":"publish","type":"page","link":"https:\/\/wayback.com.br\/en\/auxiliar-de-cobranca-2\/","title":{"rendered":"Billing Assistant"},"content":{"rendered":"<div data-elementor-type=\"wp-page\" data-elementor-id=\"7025\" class=\"elementor elementor-7025\" data-elementor-settings=\"{&quot;ha_cmc_init_switcher&quot;:&quot;no&quot;}\" data-elementor-post-type=\"page\">\n\t\t\t\t<div class=\"elementor-element elementor-element-47b9a2e5 e-flex e-con-boxed wpr-particle-no wpr-jarallax-no wpr-parallax-no wpr-sticky-section-no wpr-equal-height-no e-con e-parent\" data-id=\"47b9a2e5\" data-element_type=\"container\" data-e-type=\"container\" data-settings=\"{&quot;_ha_eqh_enable&quot;:false}\">\n\t\t\t\t\t<div class=\"e-con-inner\">\n\t\t\t\t<div class=\"elementor-element elementor-element-6d730919 elementor-widget elementor-widget-text-editor\" data-id=\"6d730919\" data-element_type=\"widget\" data-e-type=\"widget\" data-widget_type=\"text-editor.default\">\n\t\t\t\t<div class=\"elementor-widget-container\">\n\t\t\t\t\t\t\t\t\t<div class=\"wbf-form\" data-thank-you=\"Obrigado pelo envio. Em breve entraremos em contato.\"><div class=\"wbf-form-logo\"><a href=\"https:\/\/wayback.com.br\/en\/\" class=\"custom-logo-link\" rel=\"home\"><img decoding=\"async\" width=\"277\" height=\"69\" src=\"https:\/\/wayback.com.br\/wp-content\/uploads\/2024\/09\/Logotipo-Way-Back.webp\" class=\"custom-logo\" alt=\"Way Back\" \/><\/a><\/div><form method=\"post\" enctype=\"multipart\/form-data\" action=\"https:\/\/wayback.com.br\/wp-admin\/admin-post.php\" class=\"wbf-form-inner\" data-consent-enabled=\"1\" data-job-id=\"6977\" data-job=\"6977\" data-job-title=\"Auxiliar de Cobran\u00e7a\" data-job-salary=\"Fixo + Comiss\u00f5es\" data-job-benefits=\"VT + VR\" data-job-regime=\"CLT\" data-job-schedule=\"09:00 as 17:32 Segunda a Sexta\" data-job-location=\"Bresser Mooca\" data-job-desc=\"A Way Back, empresa do segmento de cobran\u00e7a com 35 anos de atua\u00e7\u00e3o no mercado, est\u00e1 em busca de um(a) estagi\u00e1rio(a) para integrar sua equipe de Recursos Humanos. (a) candidato(a) ir\u00e1 apoiar nas rotinas da \u00e1rea, englobando recrutamento e sele\u00e7\u00e3o, organiza\u00e7\u00e3o de documentos, controle de colaboradores, suporte em treinamentos e a\u00e7\u00f5es internas, al\u00e9m de rotinas administrativas em geral. Buscamos estudantes do Ensino Superior em Administra\u00e7\u00e3o, Psicologia, Gest\u00e3o de RH ou \u00e1reas correlatas, que tenham boa comunica\u00e7\u00e3o, organiza\u00e7\u00e3o e muita vontade de aprender. Se voc\u00ea deseja desenvolver sua carreira em um ambiente din\u00e2mico e com s\u00f3lida experi\u00eancia de mercado, essa \u00e9 a sua oportunidade\" data-job-desc-b64=\"QSBXYXkgQmFjaywgZW1wcmVzYSBkbyBzZWdtZW50byBkZSBjb2JyYW7Dp2EgY29tIDM1IGFub3MgZGUgYXR1YcOnw6NvIG5vIG1lcmNhZG8sIGVzdMOhIGVtIGJ1c2NhIGRlIHVtKGEpIGVzdGFnacOhcmlvKGEpIHBhcmEgaW50ZWdyYXIgc3VhIGVxdWlwZSBkZSBSZWN1cnNvcyBIdW1hbm9zLiAoYSkgY2FuZGlkYXRvKGEpIGlyw6EgYXBvaWFyIG5hcyByb3RpbmFzIGRhIMOhcmVhLCBlbmdsb2JhbmRvIHJlY3J1dGFtZW50byBlIHNlbGXDp8Ojbywgb3JnYW5pemHDp8OjbyBkZSBkb2N1bWVudG9zLCBjb250cm9sZSBkZSBjb2xhYm9yYWRvcmVzLCBzdXBvcnRlIGVtIHRyZWluYW1lbnRvcyBlIGHDp8O1ZXMgaW50ZXJuYXMsIGFsw6ltIGRlIHJvdGluYXMgYWRtaW5pc3RyYXRpdmFzIGVtIGdlcmFsLiBCdXNjYW1vcyBlc3R1ZGFudGVzIGRvIEVuc2lubyBTdXBlcmlvciBlbSBBZG1pbmlzdHJhw6fDo28sIFBzaWNvbG9naWEsIEdlc3TDo28gZGUgUkggb3Ugw6FyZWFzIGNvcnJlbGF0YXMsIHF1ZSB0ZW5oYW0gYm9hIGNvbXVuaWNhw6fDo28sIG9yZ2FuaXphw6fDo28gZSBtdWl0YSB2b250YWRlIGRlIGFwcmVuZGVyLiBTZSB2b2PDqiBkZXNlamEgZGVzZW52b2x2ZXIgc3VhIGNhcnJlaXJhIGVtIHVtIGFtYmllbnRlIGRpbsOibWljbyBlIGNvbSBzw7NsaWRhIGV4cGVyacOqbmNpYSBkZSBtZXJjYWRvLCBlc3NhIMOpIGEgc3VhIG9wb3J0dW5pZGFkZQ==\" data-form-flow=\"cascade\" data-privacy-url=\"\"><input type=\"hidden\" id=\"wbf_form_nonce\" name=\"wbf_form_nonce\" value=\"70ac9cdbcb\" \/><input type=\"hidden\" name=\"_wp_http_referer\" value=\"\/en\/wp-json\/wp\/v2\/pages\/7025\" \/><input type=\"hidden\" name=\"action\" value=\"wbf_submit_application\"><input type=\"hidden\" name=\"wbf_job_id\" value=\"6977\"><div class=\"wbf-fields\" data-config=\"eyJ0aXRsZSI6IkF1eGlsaWFyIGRlIENvYnJhbsOnYSIsImludHJvIjoiQSBXYXkgQmFjaywgZW1wcmVzYSBkbyBzZWdtZW50byBkZSBjb2JyYW7Dp2EgY29tIDM1IGFub3MgZGUgYXR1YcOnw6NvIG5vIG1lcmNhZG8sIGVzdMOhIGVtIGJ1c2NhIGRlIHVtKGEpIGVzdGFnacOhcmlvKGEpIHBhcmEgaW50ZWdyYXIgc3VhIGVxdWlwZSBkZSBSZWN1cnNvcyBIdW1hbm9zLiBvKGEpIGNhbmRpZGF0byhhKSBpcsOhIGFwb2lhciBuYXMgcm90aW5hcyBkZSBSSCwgY29tbyByZWNydXRhbWVudG8gZSBzZWxlw6fDo28sIG9yZ2FuaXphw6fDo28gZGUgZG9jdW1lbnRvcywgY29udHJvbGUgZGUgY29sYWJvcmFkb3JlcywgYXBvaW8gZW0gdHJlaW5hbWVudG9zIGUgYcOnw7VlcyBpbnRlcm5hcywgYWzDqW0gZGUgYXRpdmlkYWRlcyBhZG1pbmlzdHJhdGl2YXMgZGEgw6FyZWEubkJ1c2NhbW9zIGVzdHVkYW50ZXMgZGUgRW5zaW5vIFN1cGVyaW9yIGVtIEFkbWluaXN0cmHDp8OjbywgUHNpY29sb2dpYSwgR2VzdMOjbyBkZSBSSCBvdSDDoXJlYXMgY29ycmVsYXRhcywgY29tIGJvYSBjb211bmljYcOnw6NvLCBvcmdhbml6YcOnw6NvIGUgdm9udGFkZSBkZSBhcHJlbmRlci5uU2Ugdm9jw6ogZGVzZWphIGRlc2Vudm9sdmVyIHN1YSBjYXJyZWlyYSBlbSB1bSBhbWJpZW50ZSBkaW7Dom1pY28gZSBjb20gc8OzbGlkYSBleHBlcmnDqm5jaWEgZGUgbWVyY2FkbywgZXNzYSDDqSBhIHN1YSBvcG9ydHVuaWRhZGUhIiwiZmllbGRzIjpbeyJuYW1lIjoiY29uaGVjaW1lbnRvYWdyb25lZ29jaW8iLCJsYWJlbCI6IlBvc3N1aSBjb25oZWNpbWVudG8gZW0gYWdybyBuZWdvY2lvPyIsInR5cGUiOiJyYWRpbyIsInJlcXVpcmVkIjp0cnVlLCJvcHRpb25zIjpbIlNpbSIsIk7Do28iXX0seyJuYW1lIjoicGVzc29hanVyaWRpY2EiLCJsYWJlbCI6IkrDoSBhdHVvdSBjb20gY29icmFuw6dhIFBlc3NvYSBKdXJpZGljYSIsInR5cGUiOiJjaGVja2JveGVzIiwicmVxdWlyZWQiOnRydWUsIm9wdGlvbnMiOlsiU2ltIiwiTsOjbyIsIlBvdWNhIEV4cGVyaWVuY2lhIl19XX0=\"><\/div><div class=\"wbf-field\"><button type=\"submit\" class=\"wbf-submit\">To send<\/button><\/div><\/form><\/div>\t\t\t\t\t\t\t\t<\/div>\n\t\t\t\t<\/div>\n\t\t\t\t\t<\/div>\n\t\t\t\t<\/div>\n\t\t\t\t<\/div>","protected":false},"excerpt":{"rendered":"","protected":false},"author":1,"featured_media":0,"parent":0,"menu_order":0,"comment_status":"closed","ping_status":"closed","template":"","meta":{"_joinchat":[],"footnotes":""},"class_list":["post-7025","page","type-page","status-publish","hentry"],"_links":{"self":[{"href":"https:\/\/wayback.com.br\/en\/wp-json\/wp\/v2\/pages\/7025","targetHints":{"allow":["GET"]}}],"collection":[{"href":"https:\/\/wayback.com.br\/en\/wp-json\/wp\/v2\/pages"}],"about":[{"href":"https:\/\/wayback.com.br\/en\/wp-json\/wp\/v2\/types\/page"}],"author":[{"embeddable":true,"href":"https:\/\/wayback.com.br\/en\/wp-json\/wp\/v2\/users\/1"}],"replies":[{"embeddable":true,"href":"https:\/\/wayback.com.br\/en\/wp-json\/wp\/v2\/comments?post=7025"}],"version-history":[{"count":4,"href":"https:\/\/wayback.com.br\/en\/wp-json\/wp\/v2\/pages\/7025\/revisions"}],"predecessor-version":[{"id":7241,"href":"https:\/\/wayback.com.br\/en\/wp-json\/wp\/v2\/pages\/7025\/revisions\/7241"}],"wp:attachment":[{"href":"https:\/\/wayback.com.br\/en\/wp-json\/wp\/v2\/media?parent=7025"}],"curies":[{"name":"wp","href":"https:\/\/api.w.org\/{rel}","templated":true}]}}