{"id":5862,"date":"2025-03-14T10:06:34","date_gmt":"2025-03-14T13:06:34","guid":{"rendered":"https:\/\/wayback.com.br\/?page_id=5862"},"modified":"2025-03-14T15:16:48","modified_gmt":"2025-03-14T18:16:48","slug":"por-que-eu-estou-recebendo-dda","status":"publish","type":"page","link":"https:\/\/wayback.com.br\/en\/por-que-eu-estou-recebendo-dda\/","title":{"rendered":"Why am I getting DDA?"},"content":{"rendered":"<div data-elementor-type=\"wp-page\" data-elementor-id=\"5862\" class=\"elementor elementor-5862\" data-elementor-settings=\"{&quot;ha_cmc_init_switcher&quot;:&quot;no&quot;}\" data-elementor-post-type=\"page\">\n\t\t\t\t<div class=\"elementor-element elementor-element-ee28933 e-flex e-con-boxed wpr-particle-no wpr-jarallax-no wpr-parallax-no wpr-sticky-section-no e-con e-parent\" data-id=\"ee28933\" data-element_type=\"container\" data-e-type=\"container\" data-settings=\"{&quot;_ha_eqh_enable&quot;:false}\">\n\t\t\t\t\t<div class=\"e-con-inner\">\n\t\t\t\t<div class=\"elementor-element elementor-element-b509579 elementor-widget elementor-widget-image\" data-id=\"b509579\" data-element_type=\"widget\" data-e-type=\"widget\" data-widget_type=\"image.default\">\n\t\t\t\t<div class=\"elementor-widget-container\">\n\t\t\t\t\t\t\t\t\t\t\t\t\t\t\t<img decoding=\"async\" src=\"https:\/\/wayback.com.br\/wp-content\/uploads\/2025\/03\/RODAPE-NEWS.png\" title=\"\" alt=\"\" loading=\"lazy\" \/>\t\t\t\t\t\t\t\t\t\t\t\t\t\t\t<\/div>\n\t\t\t\t<\/div>\n\t\t\t\t\t<\/div>\n\t\t\t\t<\/div>\n\t\t<div class=\"elementor-element elementor-element-9ff0ac8 e-flex e-con-boxed wpr-particle-no wpr-jarallax-no wpr-parallax-no wpr-sticky-section-no e-con e-parent\" data-id=\"9ff0ac8\" data-element_type=\"container\" data-e-type=\"container\" data-settings=\"{&quot;_ha_eqh_enable&quot;:false}\">\n\t\t\t\t\t<div class=\"e-con-inner\">\n\t\t\t\t<div class=\"elementor-element elementor-element-f05afa4 elementor-widget elementor-widget-text-editor\" data-id=\"f05afa4\" data-element_type=\"widget\" data-e-type=\"widget\" data-widget_type=\"text-editor.default\">\n\t\t\t\t<div class=\"elementor-widget-container\">\n\t\t\t\t\t\t\t\t\t<div id=\"pum_popup_title_2501\" class=\"pum-title popmake-title\">Why am I getting DDA?<\/div><div class=\"pum-content popmake-content\" tabindex=\"0\"><p><em>Dear Customer,<\/em><\/p><p><em>You may have noticed that you&#039;re receiving Direct Debit Authorization (DDA) notifications from Way Back. We&#039;ve been a leader in the Credit Recovery market for over 30 years. We want to clarify the reason behind these notifications and ensure you&#039;re fully informed.<\/em><\/p><p><strong><em>What is DDA?<br \/><\/em><\/strong><em>DDA is a bill payment method. This feature allows users to view all bills issued to their CPF or CNPJ, eliminating the need for paper copies. When you receive a bill via DDA, you can authorize or deny payment through your bank, and payment cannot be made without your authorization.<\/em><\/p><p><em>In your case, the debts are being processed by Way Back because you have outstanding amounts with one or more of our customers, the creditors.<\/em><\/p><p><em>It&#039;s important to note that the debts are not with Way Back itself, but rather with the creditors who entrusted the recovery of these amounts to our company. You will be able to see the name of your creditor on the invoice.<\/em><\/p><p><strong><em>Why are you receiving DDA from Way Back:<\/em><\/strong><\/p><ul><li><em>The bills are received via DDA because you enabled this option in your bank.<\/em><\/li><li><em>Way Back acts as an intermediary in the recovery of these amounts, acting on behalf of our clients to help them regularize their financial situation.<\/em><\/li><\/ul><p><strong><em>It is important to highlight that the bill received via DDA is only paid after payment authorization given by the person responsible for the account and the amounts are never debited \u201cautomatically\u201d.<\/em><\/strong><\/p><p><em>We are committed to helping you resolve your debts fairly and transparently. If you need more information or assistance, please contact us through our channels: (11) 3525-8784 and mercantil@wayback.com.br.<\/em><\/p><p><em>Best regards, Way Back Team<\/em><\/p><\/div>\t\t\t\t\t\t\t\t<\/div>\n\t\t\t\t<\/div>\n\t\t\t\t\t<\/div>\n\t\t\t\t<\/div>\n\t\t\t\t<\/div>","protected":false},"excerpt":{"rendered":"<p>Por que eu estou recebendo DDA? Caro(a) Cliente, Voc\u00ea pode ter notado que est\u00e1 recebendo notifica\u00e7\u00f5es de D\u00e9bito Direto Autorizado (DDA) da Way Back. Somos refer\u00eancia no mercado de Recupera\u00e7\u00e3o de Cr\u00e9dito h\u00e1 mais de 30 anos. Queremos esclarecer o motivo por tr\u00e1s dessas notifica\u00e7\u00f5es e garantir que voc\u00ea esteja plenamente informado sobre o assunto. O que \u00e9 o DDA?O DDA \u00e9 uma modalidade de pagamento de contas. Essa fun\u00e7\u00e3o permite que o usu\u00e1rio visualize todos os boletos que est\u00e3o sendo emitidos em seu CPF ou CNPJ, tirando a necessidade de t\u00ea-los em papel. Quando do recebimento do boleto pelo DDA voc\u00ea poder\u00e1 autorizar ou n\u00e3o o pagamento pelo seu banco, sendo que n\u00e3o h\u00e1 o pagamento sem a sua autoriza\u00e7\u00e3o. No seu caso, os d\u00e9bitos est\u00e3o sendo processados pela Way Back porque voc\u00ea possui valores em aberto com algum(ns) de nossos clientes, os credores. Importante notar que os d\u00e9bitos n\u00e3o s\u00e3o com a Way Back em si, mas sim com os credores que confiaram a recupera\u00e7\u00e3o desses valores \u00e0 nossa empresa, sendo que no boleto voc\u00ea poder\u00e1 visualizar o nome de seu credor. Por que est\u00e1 recebendo DDA da Way Back: Os boletos s\u00e3o recebidos via DDA porque voc\u00ea habilitou essa op\u00e7\u00e3o em seu banco. A Way Back atua como intermedi\u00e1ria na recupera\u00e7\u00e3o desses valores, agindo em nome de nossos clientes para ajud\u00e1-lo a regularizar sua situa\u00e7\u00e3o financeira. Importante destacar que o boleto recebido via DDA somente \u00e9 quitado ap\u00f3s autoriza\u00e7\u00e3o de pagamento dada pelo respons\u00e1vel pela conta e os valores nunca s\u00e3o debitados de maneira \u201cautom\u00e1tica\u201d. Estamos comprometidos em ajud\u00e1-lo a resolver suas d\u00edvidas de forma justa e transparente. Se precisar de mais informa\u00e7\u00f5es ou assist\u00eancia, n\u00e3o hesite em nos contatar pelos nossos canais: (11) 3525-8784 e mercantil@wayback.com.br. Atenciosamente, Equipe Way Back<\/p>","protected":false},"author":1,"featured_media":0,"parent":0,"menu_order":0,"comment_status":"closed","ping_status":"closed","template":"","meta":{"_joinchat":[],"footnotes":""},"class_list":["post-5862","page","type-page","status-publish","hentry"],"_links":{"self":[{"href":"https:\/\/wayback.com.br\/en\/wp-json\/wp\/v2\/pages\/5862","targetHints":{"allow":["GET"]}}],"collection":[{"href":"https:\/\/wayback.com.br\/en\/wp-json\/wp\/v2\/pages"}],"about":[{"href":"https:\/\/wayback.com.br\/en\/wp-json\/wp\/v2\/types\/page"}],"author":[{"embeddable":true,"href":"https:\/\/wayback.com.br\/en\/wp-json\/wp\/v2\/users\/1"}],"replies":[{"embeddable":true,"href":"https:\/\/wayback.com.br\/en\/wp-json\/wp\/v2\/comments?post=5862"}],"version-history":[{"count":13,"href":"https:\/\/wayback.com.br\/en\/wp-json\/wp\/v2\/pages\/5862\/revisions"}],"predecessor-version":[{"id":5943,"href":"https:\/\/wayback.com.br\/en\/wp-json\/wp\/v2\/pages\/5862\/revisions\/5943"}],"wp:attachment":[{"href":"https:\/\/wayback.com.br\/en\/wp-json\/wp\/v2\/media?parent=5862"}],"curies":[{"name":"wp","href":"https:\/\/api.w.org\/{rel}","templated":true}]}}