{"id":5405,"date":"2024-12-09T19:37:57","date_gmt":"2024-12-09T22:37:57","guid":{"rendered":"https:\/\/wayback.com.br\/?page_id=5405"},"modified":"2026-04-14T19:15:59","modified_gmt":"2026-04-14T22:15:59","slug":"trabalhe-conosco","status":"publish","type":"page","link":"https:\/\/wayback.com.br\/en\/trabalhe-conosco\/","title":{"rendered":"Work with us"},"content":{"rendered":"\t\t<div data-elementor-type=\"wp-page\" data-elementor-id=\"5405\" class=\"elementor elementor-5405\" data-elementor-settings=\"{&quot;ha_cmc_init_switcher&quot;:&quot;no&quot;}\" data-elementor-post-type=\"page\">\n\t\t\t\t<div class=\"elementor-element elementor-element-2ab4e70 e-flex e-con-boxed wpr-particle-no wpr-jarallax-no wpr-parallax-no wpr-sticky-section-no wpr-equal-height-no e-con e-parent\" data-id=\"2ab4e70\" data-element_type=\"container\" data-e-type=\"container\" data-settings=\"{&quot;background_background&quot;:&quot;classic&quot;,&quot;background_motion_fx_motion_fx_scrolling&quot;:&quot;yes&quot;,&quot;background_motion_fx_translateY_effect&quot;:&quot;yes&quot;,&quot;background_motion_fx_translateY_speed&quot;:{&quot;unit&quot;:&quot;px&quot;,&quot;size&quot;:4.7,&quot;sizes&quot;:[]},&quot;background_motion_fx_translateY_affectedRange&quot;:{&quot;unit&quot;:&quot;%&quot;,&quot;size&quot;:&quot;&quot;,&quot;sizes&quot;:{&quot;start&quot;:0,&quot;end&quot;:100}},&quot;background_motion_fx_devices&quot;:[&quot;widescreen&quot;,&quot;desktop&quot;,&quot;laptop&quot;,&quot;tablet&quot;,&quot;mobile&quot;],&quot;_ha_eqh_enable&quot;:false}\">\n\t\t\t\t\t<div class=\"e-con-inner\">\n\t\t<div class=\"elementor-element elementor-element-2eaad3a e-con-full e-flex wpr-particle-no wpr-jarallax-no wpr-parallax-no wpr-sticky-section-no wpr-equal-height-no e-con e-child\" data-id=\"2eaad3a\" data-element_type=\"container\" data-e-type=\"container\" data-settings=\"{&quot;background_background&quot;:&quot;classic&quot;,&quot;_ha_eqh_enable&quot;:false}\">\n\t\t<div class=\"elementor-element elementor-element-eba18de e-con-full e-flex wpr-particle-no wpr-jarallax-no wpr-parallax-no wpr-sticky-section-no wpr-equal-height-no e-con e-child\" data-id=\"eba18de\" data-element_type=\"container\" data-e-type=\"container\" data-settings=\"{&quot;background_background&quot;:&quot;classic&quot;,&quot;_ha_eqh_enable&quot;:false}\">\n\t\t\t\t<div class=\"elementor-element elementor-element-65577c6 elementor-widget elementor-widget-heading\" data-id=\"65577c6\" data-element_type=\"widget\" data-e-type=\"widget\" data-widget_type=\"heading.default\">\n\t\t\t\t<div class=\"elementor-widget-container\">\n\t\t\t\t\t<h2 class=\"elementor-heading-title elementor-size-default\">VENHA <b>TRABALHAR CONOSCO!<\/b><\/h2>\t\t\t\t<\/div>\n\t\t\t\t<\/div>\n\t\t\t\t<div class=\"elementor-element elementor-element-a54eef2 elementor-widget__width-inherit elementor-widget-mobile__width-initial elementor-widget elementor-widget-heading\" data-id=\"a54eef2\" data-element_type=\"widget\" data-e-type=\"widget\" data-widget_type=\"heading.default\">\n\t\t\t\t<div class=\"elementor-widget-container\">\n\t\t\t\t\t<h4 class=\"elementor-heading-title elementor-size-default\">Na Way Back, acreditamos que <b>grandes hist\u00f3rias s\u00e3o constru\u00eddas por pessoas<\/b>.\nCom presen\u00e7a em mais de <b>170 pa\u00edses<\/b>, atuamos no cen\u00e1rio internacional conectando intelig\u00eancia, relacionamento e resultados, mas acima de tudo, <b>conectando pessoas a oportunidades reais de crescimento.<\/b><\/h4>\t\t\t\t<\/div>\n\t\t\t\t<\/div>\n\t\t\t\t<\/div>\n\t\t\t\t<div class=\"elementor-element elementor-element-3a49c01 ha-has-bg-overlay elementor-widget elementor-widget-image\" data-id=\"3a49c01\" data-element_type=\"widget\" data-e-type=\"widget\" data-widget_type=\"image.default\">\n\t\t\t\t<div class=\"elementor-widget-container\">\n\t\t\t\t\t\t\t\t\t\t\t\t\t\t\t<img fetchpriority=\"high\" decoding=\"async\" width=\"2560\" height=\"784\" src=\"https:\/\/wayback.com.br\/wp-content\/uploads\/2026\/03\/SELO-V5-FINAL-HORIZONTAL-SEM-SIMBOLO-BRANCO-scaled.png\" class=\"attachment-full size-full wp-image-7523\" alt=\"\" srcset=\"https:\/\/wayback.com.br\/wp-content\/uploads\/2026\/03\/SELO-V5-FINAL-HORIZONTAL-SEM-SIMBOLO-BRANCO-scaled.png 2560w, https:\/\/wayback.com.br\/wp-content\/uploads\/2026\/03\/SELO-V5-FINAL-HORIZONTAL-SEM-SIMBOLO-BRANCO-300x92.png 300w, https:\/\/wayback.com.br\/wp-content\/uploads\/2026\/03\/SELO-V5-FINAL-HORIZONTAL-SEM-SIMBOLO-BRANCO-1024x313.png 1024w, https:\/\/wayback.com.br\/wp-content\/uploads\/2026\/03\/SELO-V5-FINAL-HORIZONTAL-SEM-SIMBOLO-BRANCO-768x235.png 768w, https:\/\/wayback.com.br\/wp-content\/uploads\/2026\/03\/SELO-V5-FINAL-HORIZONTAL-SEM-SIMBOLO-BRANCO-1536x470.png 1536w, https:\/\/wayback.com.br\/wp-content\/uploads\/2026\/03\/SELO-V5-FINAL-HORIZONTAL-SEM-SIMBOLO-BRANCO-2048x627.png 2048w, https:\/\/wayback.com.br\/wp-content\/uploads\/2026\/03\/SELO-V5-FINAL-HORIZONTAL-SEM-SIMBOLO-BRANCO-18x6.png 18w\" sizes=\"(max-width: 2560px) 100vw, 2560px\" \/>\t\t\t\t\t\t\t\t\t\t\t\t\t\t\t<\/div>\n\t\t\t\t<\/div>\n\t\t\t\t<\/div>\n\t\t<div class=\"elementor-element elementor-element-4945076 e-con-full elementor-hidden-laptop elementor-hidden-tablet elementor-hidden-mobile e-flex wpr-particle-no wpr-jarallax-no wpr-parallax-no wpr-sticky-section-no wpr-equal-height-no e-con e-child\" data-id=\"4945076\" data-element_type=\"container\" data-e-type=\"container\" data-settings=\"{&quot;_ha_eqh_enable&quot;:false}\">\n\t\t\t\t<\/div>\n\t\t\t\t\t<\/div>\n\t\t\t\t<\/div>\n\t\t<div class=\"elementor-element elementor-element-3fd2c4b e-flex e-con-boxed wpr-particle-no wpr-jarallax-no wpr-parallax-no wpr-sticky-section-no wpr-equal-height-no e-con e-parent\" data-id=\"3fd2c4b\" data-element_type=\"container\" data-e-type=\"container\" data-settings=\"{&quot;_ha_eqh_enable&quot;:false}\">\n\t\t\t\t\t<div class=\"e-con-inner\">\n\t\t\t\t<div class=\"elementor-element elementor-element-2774ce7 elementor-widget elementor-widget-heading\" data-id=\"2774ce7\" data-element_type=\"widget\" data-e-type=\"widget\" data-widget_type=\"heading.default\">\n\t\t\t\t<div class=\"elementor-widget-container\">\n\t\t\t\t\t<h2 class=\"elementor-heading-title elementor-size-default\">Aqui, cada desafio \u00e9 uma chance de evolu\u00e7\u00e3o.<\/h2>\t\t\t\t<\/div>\n\t\t\t\t<\/div>\n\t\t\t\t\t<\/div>\n\t\t\t\t<\/div>\n\t\t<div class=\"elementor-element elementor-element-04b2b86 e-flex e-con-boxed wpr-particle-no wpr-jarallax-no wpr-parallax-no wpr-sticky-section-no wpr-equal-height-no e-con e-parent\" data-id=\"04b2b86\" data-element_type=\"container\" data-e-type=\"container\" data-settings=\"{&quot;_ha_eqh_enable&quot;:false}\">\n\t\t\t\t\t<div class=\"e-con-inner\">\n\t\t\t\t<div class=\"elementor-element elementor-element-f3c4a0c elementor-widget elementor-widget-text-editor\" data-id=\"f3c4a0c\" data-element_type=\"widget\" data-e-type=\"widget\" data-widget_type=\"text-editor.default\">\n\t\t\t\t<div class=\"elementor-widget-container\">\n\t\t\t\t\t\t\t\t\t<p>Cada conquista \u00e9 coletiva e cada profissional \u00e9 parte essencial de uma trajet\u00f3ria de <b>35 anos constru\u00edda com consist\u00eancia, \u00e9tica e prop\u00f3sito<\/b>. Se voc\u00ea busca mais do que um trabalho, se busca pertencimento, desenvolvimento e impacto, <b>o seu lugar \u00e9 aqui.<\/b><\/p>\t\t\t\t\t\t\t\t<\/div>\n\t\t\t\t<\/div>\n\t\t\t\t<div class=\"elementor-element elementor-element-e73943f elementor-widget elementor-widget-text-editor\" data-id=\"e73943f\" data-element_type=\"widget\" data-e-type=\"widget\" data-widget_type=\"text-editor.default\">\n\t\t\t\t<div class=\"elementor-widget-container\">\n\t\t\t\t\t\t\t\t\tVenha fazer parte da nossa hist\u00f3ria.<br>\nE construir a sua junto com a gente.<br>\n<strong>#VemSerWayBack #Way35<\/strong>\t\t\t\t\t\t\t\t<\/div>\n\t\t\t\t<\/div>\n\t\t\t\t<div class=\"elementor-element elementor-element-19afedc elementor-widget elementor-widget-shortcode\" data-id=\"19afedc\" data-element_type=\"widget\" data-e-type=\"widget\" data-widget_type=\"shortcode.default\">\n\t\t\t\t<div class=\"elementor-widget-container\">\n\t\t\t\t\t\t\t<div class=\"elementor-shortcode\">    <div class=\"wbf-jobs\">\r\n\r\n        <form class=\"wbf-jobs-filters\" method=\"get\" action=\"https:\/\/wayback.com.br\/en\/trabalhe-conosco\/\">\r\n            <input type=\"text\" name=\"wbf_search\" placeholder=\"Buscar vaga...\" value=\"\">\r\n\r\n                            <select name=\"wbf_type\">\r\n                    <option value=\"\">Todos os tipos<\/option>\r\n                                            <option value=\"clt\" >\r\n                            CLT                        <\/option>\r\n                                            <option value=\"estagio\" >\r\n                            Estagio                        <\/option>\r\n                                    <\/select>\r\n            \r\n                            <select name=\"wbf_area\">\r\n                    <option value=\"\">Todas as \u00e1reas<\/option>\r\n                                            <option value=\"cobranca\" >\r\n                            Cobranca                        <\/option>\r\n                                            <option value=\"recursos-humanos\" >\r\n                            Recursos Humanos                        <\/option>\r\n                                    <\/select>\r\n            \r\n                            <select name=\"wbf_regime\">\r\n                    <option value=\"\">Todos os regimes<\/option>\r\n                                            <option value=\"CLT\" >\r\n                            CLT                        <\/option>\r\n                                            <option value=\"Est\u00e1gio\" >\r\n                            Est\u00e1gio                        <\/option>\r\n                                    <\/select>\r\n            \r\n            \r\n            <button type=\"button\" class=\"wbf-jobs-clear-filters\" hidden>Limpar filtros<\/button>\r\n        <\/form>\r\n\r\n        <p class=\"wbf-jobs-empty\" hidden>Nenhuma vaga encontrada no momento.<\/p>\r\n                    <div class=\"wbf-jobs-grid\" data-wbf-jobs-count=\"2\">\r\n                                                        <div class=\"wbf-job-card\"\r\n                        data-area=\"recursos-humanos\"\r\n                        data-type=\"estagio\"\r\n                        data-regime=\"Est\u00e1gio\"\r\n                        data-search=\"Estagi\u00e1rio(a) - Recursos Humanos  A Way Back, empresa do segmento de cobran\u00e7a com 35 anos de atua\u00e7\u00e3o no mercado, est\u00e1 em busca de um(a) estagi\u00e1rio(a) para integrar sua equipe de Recursos Humanos.\r\nO(a) candidato(a) ir\u00e1 apoiar nas rotinas de RH, como recrutamento e sele\u00e7\u00e3o, organiza\u00e7\u00e3o de documentos, controle de colaboradores, apoio em treinamentos e a\u00e7\u00f5es internas, al\u00e9m de atividades administrativas da \u00e1rea.\r\nBuscamos estudantes de Ensino Superior em Administra\u00e7\u00e3o, Psicologia, Gest\u00e3o de RH ou \u00e1reas correlatas, com boa comunica\u00e7\u00e3o, organiza\u00e7\u00e3o e vontade de aprender.\r\nSe voc\u00ea deseja desenvolver sua carreira em um ambiente din\u00e2mico e com s\u00f3lida experi\u00eancia de mercado, essa \u00e9 a sua oportunidade! Recursos Humanos Estagio Bresser Mooca A Combinar Est\u00e1gio\">\r\n                        <h3 class=\"wbf-job-card-title\">Estagi\u00e1rio(a) - Recursos Humanos<\/h3>\r\n\r\n                        <div class=\"wbf-job-card-meta\">\r\n                                                            <span class=\"wbf-job-card-tag wbf-job-card-area\">Recursos Humanos<\/span>\r\n                                                                                        <span class=\"wbf-job-card-tag wbf-job-card-type\">Estagio<\/span>\r\n                                                                                        <span class=\"wbf-job-card-tag wbf-job-card-location\">\ud83d\udccd Bresser Mooca<\/span>\r\n                                                                                        <span class=\"wbf-job-card-tag wbf-job-card-salary\">\ud83d\udcb0 A Combinar<\/span>\r\n                                                        <span class=\"wbf-job-card-tag wbf-job-card-life wbf-job-card-life-open\">Aberta<\/span>\r\n                        <\/div>\r\n\r\n                                                    <p class=\"wbf-job-card-excerpt\">A Way Back, empresa do segmento de cobran\u00e7a com 35 anos de atua\u00e7\u00e3o no mercado, est\u00e1 em busca de um(a)&hellip;<\/p>\r\n                        \r\n                                                    <a href=\"https:\/\/wayback.com.br\/en\/estagiarioa-recursos-humanos\/\" class=\"wbf-job-card-btn\">Ver vaga<\/a>\r\n                                            <\/div>\r\n                                                        <div class=\"wbf-job-card\"\r\n                        data-area=\"cobranca\"\r\n                        data-type=\"clt\"\r\n                        data-regime=\"CLT\"\r\n                        data-search=\"Auxiliar de Cobran\u00e7a  A Way Back, empresa do segmento de cobran\u00e7a com 35 anos de atua\u00e7\u00e3o no mercado, est\u00e1 em busca de um(a) estagi\u00e1rio(a) para integrar sua equipe de Recursos Humanos. (a) candidato(a) ir\u00e1 apoiar nas rotinas da \u00e1rea, englobando recrutamento e sele\u00e7\u00e3o, organiza\u00e7\u00e3o de documentos, controle de colaboradores, suporte em treinamentos e a\u00e7\u00f5es internas, al\u00e9m de rotinas administrativas em geral. Buscamos estudantes do Ensino Superior em Administra\u00e7\u00e3o, Psicologia, Gest\u00e3o de RH ou \u00e1reas correlatas, que tenham boa comunica\u00e7\u00e3o, organiza\u00e7\u00e3o e muita vontade de aprender. Se voc\u00ea deseja desenvolver sua carreira em um ambiente din\u00e2mico e com s\u00f3lida experi\u00eancia de mercado, essa \u00e9 a sua oportunidade Cobranca CLT Bresser Mooca Fixo + Comiss\u00f5es CLT\">\r\n                        <h3 class=\"wbf-job-card-title\">Auxiliar de Cobran\u00e7a<\/h3>\r\n\r\n                        <div class=\"wbf-job-card-meta\">\r\n                                                            <span class=\"wbf-job-card-tag wbf-job-card-area\">Cobranca<\/span>\r\n                                                                                        <span class=\"wbf-job-card-tag wbf-job-card-type\">CLT<\/span>\r\n                                                                                        <span class=\"wbf-job-card-tag wbf-job-card-location\">\ud83d\udccd Bresser Mooca<\/span>\r\n                                                                                        <span class=\"wbf-job-card-tag wbf-job-card-salary\">\ud83d\udcb0 Fixo + Comiss\u00f5es<\/span>\r\n                                                        <span class=\"wbf-job-card-tag wbf-job-card-life wbf-job-card-life-open\">Aberta<\/span>\r\n                        <\/div>\r\n\r\n                                                    <p class=\"wbf-job-card-excerpt\">A Way Back, empresa do segmento de cobran\u00e7a com 35 anos de atua\u00e7\u00e3o no mercado, est\u00e1 em busca de um(a)&hellip;<\/p>\r\n                        \r\n                                                    <a href=\"https:\/\/wayback.com.br\/en\/auxiliar-de-cobranca-2\/\" class=\"wbf-job-card-btn\">Ver vaga<\/a>\r\n                                            <\/div>\r\n                            <\/div>\r\n        \r\n    <\/div>\r\n    <\/div>\n\t\t\t\t\t\t<\/div>\n\t\t\t\t<\/div>\n\t\t\t\t\t<\/div>\n\t\t\t\t<\/div>\n\t\t\t\t<\/div>\n\t\t","protected":false},"excerpt":{"rendered":"<p>COME WORK WITH US! At Way Back, we believe that great stories are built by people. With a presence in over 170 countries, we operate on the international stage connecting intelligence, relationships, and results, but above all, connecting people to real opportunities for growth. Here, every challenge is a chance for evolution. Every achievement is collective, and every professional is an essential part of a 35-year trajectory built with consistency, ethics, and purpose. If you&#039;re looking for more than just a job, if you&#039;re looking for belonging, development, and impact, your place is here. Come be a part of our story. And build yours with us. #VemSerWayBack #Way35<\/p>","protected":false},"author":1,"featured_media":0,"parent":0,"menu_order":0,"comment_status":"closed","ping_status":"closed","template":"","meta":{"_joinchat":[],"footnotes":""},"class_list":["post-5405","page","type-page","status-publish","hentry"],"_links":{"self":[{"href":"https:\/\/wayback.com.br\/en\/wp-json\/wp\/v2\/pages\/5405","targetHints":{"allow":["GET"]}}],"collection":[{"href":"https:\/\/wayback.com.br\/en\/wp-json\/wp\/v2\/pages"}],"about":[{"href":"https:\/\/wayback.com.br\/en\/wp-json\/wp\/v2\/types\/page"}],"author":[{"embeddable":true,"href":"https:\/\/wayback.com.br\/en\/wp-json\/wp\/v2\/users\/1"}],"replies":[{"embeddable":true,"href":"https:\/\/wayback.com.br\/en\/wp-json\/wp\/v2\/comments?post=5405"}],"version-history":[{"count":112,"href":"https:\/\/wayback.com.br\/en\/wp-json\/wp\/v2\/pages\/5405\/revisions"}],"predecessor-version":[{"id":7676,"href":"https:\/\/wayback.com.br\/en\/wp-json\/wp\/v2\/pages\/5405\/revisions\/7676"}],"wp:attachment":[{"href":"https:\/\/wayback.com.br\/en\/wp-json\/wp\/v2\/media?parent=5405"}],"curies":[{"name":"wp","href":"https:\/\/api.w.org\/{rel}","templated":true}]}}